{"id":64,"date":"2020-09-11T06:28:35","date_gmt":"2020-09-11T06:28:35","guid":{"rendered":"https:\/\/maschinentechnik.kloepper.de\/?page_id=64"},"modified":"2022-08-25T08:41:42","modified_gmt":"2022-08-25T08:41:42","slug":"datenschutz","status":"publish","type":"page","link":"https:\/\/km.beimdick-gruppe.de\/en\/datenschutz","title":{"rendered":"pri\u00adva\u00adcy policy"},"content":{"rendered":"<div data-colibri-id=\"64-c1\" class=\"style-464 style-local-64-c1 position-relative\">\n  <!---->\n  <div data-colibri-component=\"section\" data-colibri-id=\"64-c2\" id=\"custom\" class=\"h-section h-section-global-spacing d-flex align-items-lg-center align-items-md-center align-items-center style-465 style-local-64-c2 position-relative\">\n    <!---->\n    <!---->\n    <div class=\"h-section-grid-container h-section-boxed-container\">\n      <!---->\n      <div data-colibri-id=\"64-c3\" class=\"h-row-container gutters-row-lg-2 gutters-row-md-2 gutters-row-0 gutters-row-v-lg-2 gutters-row-v-md-2 gutters-row-v-2 style-468 style-local-64-c3 position-relative\">\n        <!---->\n        <div class=\"h-row justify-content-lg-center justify-content-md-center justify-content-center align-items-lg-stretch align-items-md-stretch align-items-stretch gutters-col-lg-2 gutters-col-md-2 gutters-col-0 gutters-col-v-lg-2 gutters-col-v-md-2 gutters-col-v-2\">\n          <!---->\n          <div class=\"h-column h-column-container d-flex h-col-lg-auto h-col-md-auto h-col-auto style-469-outer style-local-64-c4-outer\">\n            <div data-colibri-id=\"64-c4\" class=\"d-flex h-flex-basis h-column__inner h-px-lg-2 h-px-md-2 h-px-2 v-inner-lg-2 v-inner-md-2 v-inner-2 style-469 style-local-64-c4 position-relative\">\n              <!---->\n              <!---->\n              <div class=\"w-100 h-y-container h-column__content h-column__v-align flex-basis-100 align-self-lg-start align-self-md-start align-self-start\">\n                <!---->\n                <div data-colibri-id=\"64-c5\" class=\"h-text h-text-component style-470 style-local-64-c5 position-relative h-element\">\n                  <!---->\n                  <!---->\n                  <div class>\n                    <h4>1. Name and con\u00adtact details of the per\u00adson respon\u00adsi\u00adble for pro\u00adcess\u00ading and the com\u00adpa\u00adny data pro\u00adtec\u00adtion offi\u00adcer at Beimdick Dien\u00adstleis\u00adtungs GmbH &amp; Co.&nbsp;KG<\/h4>\n                    <h5>Respon\u00adsi\u00adble accord\u00ading to arti\u00adcle 4 para\u00adgraph 7 GDPR are the com\u00adpa\u00adnies appear\u00ading togeth\u00ader on this website:<\/h5>\n                    <h5>Kl\u00f6p\u00adper Automa\u00adtion GmbH &amp; Co. KG\n                      <br>Kl\u00f6p\u00adper Elek\u00adtrotech\u00adnik GmbH &amp; Co. KG\n                      <br>KL\u00d6PPER Maschi\u00adnen\u00adtech\u00adnik GmbH &amp; Co. KG\n                      <br>H &amp; S Hard- &amp; Soft\u00adware GmbH &amp; Co.&nbsp;KG<\/h5>\n                    <h5>Autho\u00adrized rep\u00adre\u00adsen\u00adta\u00adtives of the companies:<\/h5>\n                    <p>Kl\u00f6p\u00adper Automa\u00adtion GmbH &amp; Co. KG: Alfred Beimdick<\/p>\n                    <p>Kl\u00f6p\u00adper Elek\u00adtrotech\u00adnik GmbH &amp; Co. KG: Alfred Beimdick, Mar\u00adtin H\u00f6lscher<\/p>\n                    <p>Kl\u00f6p\u00adper Maschi\u00adnen\u00adtech\u00adnik GmbH &amp; Co. KG: Alfred Beimdick<\/p>\n                    <p>H &amp; S Hard- &amp; Soft\u00adware GmbH &amp; Co. KG: Alfred Beimdick, Mar\u00adtin H\u00f6lscher<\/p>\n                    <h5>All com\u00adpa\u00adnies have the same address:<\/h5>\n                    <h5>Nieder\u00adsach\u00adsen\u00adweg 10 D\u201144143 Dort\u00admund\n                      <br>phone: +49\u2013231\u201351 75\u20130\n                      <br>Fax.: +49\u2013231\u201351 75\u2013195\n                      <br>mail\n                      <a href=\"MAILTO:datenschutz@kloepper.de\" style=\"font-weight: 300;\">datenschutz@kloepper.de<\/a>\n                    <\/h5>\n                    <h4>2. Con\u00adtact details of the data pro\u00adtec\u00adtion officer<\/h4>\n                    <p>Datenschutz.systems\n                      <br>Karsten Schulz\n                      <br>Bovermannstr.24, 44141 Dort\u00admund\n                      <br>phone: +49 151 22631968\n                      <br>mail\n                      <a href=\"MAILTO:datenschutzbeauftragter@kloepper.de\" style=\"font-weight: 300;\">datenschutzbeauftragter@kloepper.de<\/a>\n                      <br>https:\/\/datenschutz.systems<\/p>\n                    <h4><strong style=\"font-weight: 600;\">3.Revocation of your con\u00adsent to data processing<\/strong><\/h4>\n                    <p>Some data pro\u00adcess\u00ading oper\u00ada\u00adtions are only pos\u00adsi\u00adble with your express con\u00adsent. You can revoke your con\u00adsent that you have already giv\u00aden at any time. An infor\u00admal noti\u00adfi\u00adca\u00adtion by e\u2011mail is suf\u00adfi\u00adcient for the revo\u00adca\u00adtion. The legal\u00adi\u00adty of the data pro\u00adcess\u00ading that took place up until the revo\u00adca\u00adtion remains unaf\u00adfect\u00aded by the revocation.<\/p>\n                    <h4><strong style=\"font-weight: 600; color: rgb(23, 37, 42);\">4.Right to lodge a com\u00adplaint with the com\u00adpe\u00adtent super\u00advi\u00adso\u00adry authority<\/strong><\/h4>\n                    <p>As a data sub\u00adject, you have the right to lodge a com\u00adplaint with the com\u00adpe\u00adtent super\u00advi\u00adso\u00adry author\u00adi\u00adty in the event of a breach of data pro\u00adtec\u00adtion law. The com\u00adpe\u00adtent super\u00advi\u00adso\u00adry author\u00adi\u00adty with regard to data pro\u00adtec\u00adtion issues is the state data pro\u00adtec\u00adtion offi\u00adcer of the fed\u00ader\u00adal state in which our com\u00adpa\u00adny is based. The fol\u00adlow\u00ading link pro\u00advides a list of data pro\u00adtec\u00adtion offi\u00adcers and their con\u00adtact details:&nbsp;\n                      <a href=\"https:\/\/www.bfdi.bund.de\/DE\/Infothek\/Anschriften_Links\/anschriften_links-node.html\" style=\"font-weight: 300;\" rel=\"noopener\" target=\"_blank\" class=\"customize-unpreviewable\"> https:\/\/www.bfdi.bund.de\/DE\/Infothek\/Anschriften_Links\/anschriften_links-node.html<\/a><span style=\"font-weight: 300;\">.<\/span><\/p>\n                    <h4><strong style=\"color: rgb(23, 37, 42); font-weight: 600;\">5.Right to Data Portability<\/strong><\/h4>\n                    <p>You have the right to have data that we process auto\u00admat\u00adi\u00adcal\u00adly on the basis of your con\u00adsent or in ful\u00adfill\u00adment of a con\u00adtract hand\u00aded over to you or to third par\u00adties. It is pro\u00advid\u00aded in a machine-read\u00adable for\u00admat. If you request the direct trans\u00adfer of the data to anoth\u00ader per\u00adson respon\u00adsi\u00adble, this will only be done to the extent that it is tech\u00adni\u00adcal\u00adly feasible.<\/p>\n                    <h4><strong style=\"color: rgb(23, 37, 42); font-weight: 600;\">6. Right to infor\u00adma\u00adtion, cor\u00adrec\u00adtion, block\u00ading, deletion<\/strong><\/h4>\n                    <p>You have the right to free infor\u00adma\u00adtion about your stored per\u00adson\u00adal data, the ori\u00adgin of the data, its recip\u00adi\u00adent and the pur\u00adpose of the data pro\u00adcess\u00ading and, if nec\u00ades\u00adsary, a right to cor\u00adrec\u00adtion, block\u00ading or dele\u00adtion of this data at any time with\u00adin the frame\u00adwork of the applic\u00ada\u00adble legal pro\u00advi\u00adsions. You can con\u00adtact us at any time using the con\u00adtact options list\u00aded in the legal notice if you have any fur\u00adther ques\u00adtions on the sub\u00adject of per\u00adson\u00adal&nbsp;data.<\/p>\n                    <h4><strong style=\"font-weight: 600;\">7.SSL or TLS encryption<\/strong><\/h4>\n                    <p>For secu\u00adri\u00adty rea\u00adsons and to pro\u00adtect the trans\u00admis\u00adsion of con\u00adfi\u00adden\u00adtial con\u00adtent that you send to us as the site oper\u00ada\u00adtor, our web\u00adsite uses an SSL or. TLS encryp\u00adtion. This means that data that you trans\u00admit via this web\u00adsite can\u00adnot be read by third par\u00adties. You can rec\u00adog\u00adnize an encrypt\u00aded con\u00adnec\u00adtion by the \u201chttps:\/\/\u201d address line of your brows\u00ader and by the lock sym\u00adbol in the brows\u00ader&nbsp;line.<\/p>\n                    <h4><strong style=\"font-weight: 600;\">8.Server log&nbsp;files<\/strong><\/h4>\n                    <p>The provider of the web\u00adsite auto\u00admat\u00adi\u00adcal\u00adly col\u00adlects and stores infor\u00adma\u00adtion in serv\u00ader log files, which your brows\u00ader auto\u00admat\u00adi\u00adcal\u00adly trans\u00admits to us. These&nbsp;are:<\/p>\n                    <p>Vis\u00adit\u00aded page on our domain Date and time of the serv\u00ader request Brows\u00ader type and brows\u00ader ver\u00adsion Oper\u00adat\u00ading sys\u00adtem used Refer\u00adrer URL Host name of the access\u00ading com\u00adput\u00ader IP address<\/p>\n                    <p>This data is not merged with oth\u00ader data sources. The basis for data pro\u00adcess\u00ading is Arti\u00adcle 6 Para\u00adgraph 1 Let\u00adter b GDPR, which per\u00admits the pro\u00adcess\u00ading of data to ful\u00adfill a con\u00adtract or pre-con\u00adtrac\u00adtu\u00adal measures.<\/p>\n                    <h4><strong style=\"font-weight: 600;\">9.YouTube<\/strong><\/h4>\n                    <p>Our web\u00adsite uses plu\u00adg\u00adins from YouTube to inte\u00adgrate and dis\u00adplay video con\u00adtent. The provider of the video por\u00adtal is YouTube, LLC, 901 Cher\u00adry Ave., San Bruno, CA 94066, USA.<\/p>\n                    <p>When a page with an inte\u00adgrat\u00aded YouTube plu\u00adg\u00adin is called up, a con\u00adnec\u00adtion to the YouTube servers is estab\u00adlished. This tells YouTube which of our pages you have accessed.<\/p>\n                    <p>YouTube can assign your surf\u00ading behav\u00adior direct\u00adly to your per\u00adson\u00adal pro\u00adfile if you are logged into your YouTube account. You can pre\u00advent this by log\u00adging out beforehand.<\/p>\n                    <p>YouTube is used in the inter\u00adest of an attrac\u00adtive pre\u00adsen\u00adta\u00adtion of our online offers. This rep\u00adre\u00adsents a legit\u00adi\u00admate inter\u00adest with\u00adin the mean\u00ading of Arti\u00adcle 6 (1) (f)&nbsp;GDPR.<\/p>\n                    <p>Details on han\u00addling user data can be found in YouTube\u2019s data pro\u00adtec\u00adtion dec\u00adla\u00adra\u00adtion at:\n                      <a href=\"https:\/\/www.google.de\/intl\/de\/policies\/privacy\" style=\"font-weight: 300;\" rel=\"noopener\" target=\"_blank\" class=\"customize-unpreviewable\">https:\/\/www.google.de\/intl\/de\/policies\/privacy<\/a><span style=\"font-weight: 300;\">.<\/span><\/p>\n                    <h4><strong style=\"font-weight: 600;\">10.Cookies<\/strong><\/h4>\n                    <p>Our web\u00adsite uses cook\u00adies. These are small text files that your web brows\u00ader stores on your end device. Cook\u00adies help us to make our offer more user-friend\u00adly, effec\u00adtive and secure.<\/p>\n                    <p>Some cook\u00adies are \u201cses\u00adsion cook\u00adies.\u201d Such cook\u00adies are auto\u00admat\u00adi\u00adcal\u00adly delet\u00aded at the end of your brows\u00ader ses\u00adsion. On the oth\u00ader hand, oth\u00ader cook\u00adies remain on your end device until you delete them your\u00adself. Such cook\u00adies help us to rec\u00adog\u00adnize you when you return to our website.<\/p>\n                    <p>With a mod\u00adern web brows\u00ader you can mon\u00adi\u00adtor, restrict or pre\u00advent the set\u00adting of cook\u00adies. Many web browsers can be con\u00adfig\u00adured in such a way that cook\u00adies are auto\u00admat\u00adi\u00adcal\u00adly delet\u00aded when the pro\u00adgram is closed. The deac\u00adti\u00adva\u00adtion of cook\u00adies can result in lim\u00adit\u00aded func\u00adtion\u00adal\u00adi\u00adty of our website.<\/p>\n                    <p>The set\u00adting of cook\u00adies, which are nec\u00ades\u00adsary to car\u00adry out elec\u00adtron\u00adic com\u00admu\u00adni\u00adca\u00adtion process\u00ades or to pro\u00advide cer\u00adtain func\u00adtions you want (e.g. shop\u00adping cart), takes place on the basis of Art. 6 Para. 1 lit. f GDPR. As the oper\u00ada\u00adtor of this web\u00adsite, we have a legit\u00adi\u00admate inter\u00adest in the stor\u00adage of cook\u00adies for the tech\u00adni\u00adcal\u00adly error-free and smooth pro\u00advi\u00adsion of our ser\u00advices. If oth\u00ader cook\u00adies are set (e.g. for analy\u00adsis func\u00adtions), they will be treat\u00aded sep\u00ada\u00adrate\u00adly in this data pro\u00adtec\u00adtion declaration.<\/p>\n                    <h4><strong style=\"font-weight: 600;\">11.Google Ana\u00adlyt\u00adics<\/strong><\/h4>\n                    <p>Our web\u00adsite uses func\u00adtions of the web analy\u00adsis ser\u00advice Google Ana\u00adlyt\u00adics. The provider of the web analy\u00adsis ser\u00advice is Google Inc., 1600 Amphithe\u00adater Park\u00adway, Moun\u00adtain View, CA 94043, USA.<\/p>\n                    <p>Google Ana\u00adlyt\u00adics uses \u201ccook\u00adies.\u201d These are small text files that your web brows\u00ader stores on your end device and enable analy\u00adsis of web\u00adsite usage. Infor\u00adma\u00adtion gen\u00ader\u00adat\u00aded by cook\u00adies about your use of our web\u00adsite is trans\u00admit\u00adted to a Google serv\u00ader and stored there. Serv\u00ader loca\u00adtion is usu\u00adal\u00adly the&nbsp;USA.<\/p>\n                    <p>Google Ana\u00adlyt\u00adics cook\u00adies are set on the basis of Arti\u00adcle 6 (1) (f) GDPR. As the oper\u00ada\u00adtor of this web\u00adsite, we have a legit\u00adi\u00admate inter\u00adest in ana\u00adlyz\u00ading user behav\u00adior in order to opti\u00admize our web\u00adsite and, if nec\u00ades\u00adsary, advertising.<\/p>\n                    <p>IP anonymiza\u00adtion<\/p>\n                    <p>We use Google Ana\u00adlyt\u00adics in con\u00adnec\u00adtion with the IP anonymiza\u00adtion func\u00adtion. It ensures that Google short\u00adens your IP address with\u00adin mem\u00adber states of the Euro\u00adpean Union or in oth\u00ader con\u00adtract\u00ading states of the Agree\u00adment on the Euro\u00adpean Eco\u00adnom\u00adic Area before it is trans\u00admit\u00adted to the USA. There may be excep\u00adtion\u00adal cas\u00ades in which Google trans\u00admits the full IP address to a serv\u00ader in the USA and short\u00adens it there. On our behalf, Google will use this infor\u00adma\u00adtion to eval\u00adu\u00adate your use of the web\u00adsite, to cre\u00adate reports on web\u00adsite activ\u00adi\u00adty and to pro\u00advide us with oth\u00ader ser\u00advices relat\u00aded to web\u00adsite activ\u00adi\u00adty and inter\u00adnet usage. The IP address trans\u00admit\u00adted by Google Ana\u00adlyt\u00adics is not merged with oth\u00ader Google data.<\/p>\n                    <p>Brows\u00ader Plugin<\/p>\n                    <p>The set\u00adting of cook\u00adies by your web brows\u00ader can be pre\u00advent\u00aded. How\u00adev\u00ader, this could lim\u00adit some func\u00adtions of our web\u00adsite. You can also pre\u00advent the col\u00adlec\u00adtion of data relat\u00ading to your web\u00adsite use, includ\u00ading your IP address and sub\u00adse\u00adquent pro\u00adcess\u00ading by Google. This is pos\u00adsi\u00adble by down\u00adload\u00ading and installing the brows\u00ader plu\u00adg\u00adin avail\u00adable via the fol\u00adlow\u00ading link:\n                      <a href=\"https:\/\/tools.google.com\/dlpage\/gaoptout?hl=de\" style=\"font-weight: 300;\" rel=\"noopener\" target=\"_blank\" class=\"customize-unpreviewable\">https:\/\/tools.google.com\/dlpage\/gaoptout?hl=de<\/a><span style=\"font-weight: 300;\">.<\/span><\/p>\n                    <p>Objec\u00adtion to data collection<\/p>\n                    <p>You can pre\u00advent Google Ana\u00adlyt\u00adics from col\u00adlect\u00ading your data by click\u00ading on the fol\u00adlow\u00ading link. An opt-out cook\u00adie will be set to pre\u00advent your data from being col\u00adlect\u00aded on future vis\u00adits to our website:<\/p>\n                    <a href=\"javascript:gaoo_handle_optout();\" id=\"gaoo-link\" class=\"gaoo-link-deactivate\">Dis\u00adal\u00adlow Google Ana\u00adlyt\u00adics to track&nbsp;me<\/a>\n                    <p>Details on han\u00addling user data can be found in YouTube\u2019s data pro\u00adtec\u00adtion dec\u00adla\u00adra\u00adtion at:\n                      <a href=\"https:\/\/support.google.com\/analytics\/answer\/6004245?hl=de\" style=\"font-weight: 300;\" rel=\"noopener\" target=\"_blank\" class=\"customize-unpreviewable\">https:\/\/support.google.com\/analytics\/answer\/6004245?hl=de<\/a><span style=\"font-weight: 300;\">.<\/span><\/p>\n                    <p>Order pro\u00adcess\u00ading<\/p>\n                    <p>In order to ful\u00adly com\u00adply with the legal data pro\u00adtec\u00adtion require\u00adments, we have con\u00adclud\u00aded an order pro\u00adcess\u00ading con\u00adtract with Google.<\/p>\n                    <p>Demo\u00adgraph\u00adic char\u00adac\u00adter\u00adis\u00adtics in Google Analytics<\/p>\n                    <p>Our web\u00adsite uses the \u201cdemo\u00adgraph\u00adic char\u00adac\u00adter\u00adis\u00adtics\u201d func\u00adtion of Google Ana\u00adlyt\u00adics. It can be used to cre\u00adate reports that con\u00adtain state\u00adments about the age, gen\u00adder and inter\u00adests of the site vis\u00adi\u00adtors. This data comes from inter\u00adest-based adver\u00adtis\u00ading from Google and vis\u00adi\u00adtor data from third-par\u00adty providers. It is not pos\u00adsi\u00adble to assign the data to a spe\u00adcif\u00adic per\u00adson. You can deac\u00adti\u00advate this func\u00adtion at any time. This is pos\u00adsi\u00adble via the ad set\u00adtings in your Google account or by gen\u00ader\u00adal\u00adly pro\u00adhibit\u00ading the col\u00adlec\u00adtion of your data by Google Ana\u00adlyt\u00adics, as explained in the point \u201cObjec\u00adtion to data collection\u201d.<\/p>\n                    <h4><strong style=\"font-weight: 600;\">12.XING Plu\u00adg\u00adin<\/strong><\/h4>\n                    <p>Our web\u00adsite uses func\u00adtions of the XING net\u00adwork. The provider is XING AG, Damm\u00adtorstra\u00dfe 29\u201332, 20354 Ham\u00adburg, Germany.<\/p>\n                    <p>When a page with inte\u00adgrat\u00aded Xing func\u00adtions is called up, a con\u00adnec\u00adtion to the Xing servers is estab\u00adlished. As far as we know, per\u00adson\u00adal data is not stored. IP address\u00ades are not stored, and usage behav\u00adior is not evaluated.<\/p>\n                    <p>Details on data pro\u00adtec\u00adtion and the XING Share but\u00adton can be found in the XING data pro\u00adtec\u00adtion dec\u00adla\u00adra\u00adtion at:\n                      <a href=\"https:\/\/www.xing.com\/app\/share?op=data_protection\" style=\"font-weight: 300;\" rel=\"noopener\" target=\"_blank\" class=\"customize-unpreviewable\">https:\/\/www.xing.com\/app\/share?op=data_protection<\/a><span style=\"font-weight: 300;\">.<\/span><\/p>\n                    <h4><span style=\"color: rgb(23, 37, 42);\">13.Google Trans\u00adlate<\/span><\/h4>\n                    <p>Our web\u00adsite uses func\u00adtions of the web analy\u00adsis ser\u00advice Google Ana\u00adlyt\u00adics. The provider of the web analy\u00adsis ser\u00advice is Google Inc., 1600 Amphithe\u00adater Park\u00adway, Moun\u00adtain View, CA 94043, USA.<\/p>\n                    <p>In order to use the func\u00adtions of Google Trans\u00adlate, it is nec\u00ades\u00adsary to save your IP address. This infor\u00adma\u00adtion is usu\u00adal\u00adly trans\u00admit\u00adted to a Google serv\u00ader in the USA and stored there. The provider of this site has no influ\u00adence on this data transfer.<\/p>\n                    <p>YouTube is used in the inter\u00adest of an attrac\u00adtive pre\u00adsen\u00adta\u00adtion of our online offers. This rep\u00adre\u00adsents a legit\u00adi\u00admate inter\u00adest with\u00adin the mean\u00ading of Arti\u00adcle 6 (1) (f)&nbsp;GDPR.<\/p>\n                    <p>Details on han\u00addling user data can be found in YouTube\u2019s data pro\u00adtec\u00adtion dec\u00adla\u00adra\u00adtion at:\n                      <a href=\"https:\/\/www.google.de\/intl\/de\/policies\/privacy\" style=\"font-weight: 300;\" rel=\"noopener noreferrer\" target=\"_blank\" class=\"customize-unpreviewable\">https:\/\/www.google.de\/intl\/de\/policies\/privacy\/<\/a><span style=\"font-weight: 300;\">.<\/span><\/p>\n                    <h4><span style=\"font-weight: 600;\">14.Kartendienst von Google&nbsp;Maps<\/span><\/h4>\n                    <p>On this web\u00adsite we use Google Maps (provider: Google LLC, 1600 Amphithe\u00adater Park\u00adway, Moun\u00adtain View, CA 94043, USA). This enables the inter\u00adac\u00adtive dis\u00adplay of maps on the web\u00adsite and the con\u00adve\u00adnient use of the map func\u00adtion, includ\u00ading the cre\u00adation of route maps. Our legit\u00adi\u00admate inter\u00adest in data pro\u00adcess\u00ading in accor\u00addance with Arti\u00adcle 6 (1) (f) GDPR also lies in these pur\u00adpos\u00ades. By vis\u00adit\u00ading the web\u00adsite, Google receives the infor\u00adma\u00adtion that you have accessed the cor\u00adre\u00adspond\u00ading sub\u00adpage of our web\u00adsite. In addi\u00adtion, the under III.1. data referred to in this dec\u00adla\u00adra\u00adtion. This occurs regard\u00adless of whether Google pro\u00advides a user account through which you are logged in. If you are logged in to Google, your data will be assigned direct\u00adly to your account. If you do not wish to be asso\u00adci\u00adat\u00aded with your pro\u00adfile on Google, you must log out before acti\u00advat\u00ading the but\u00adton. Google stores your data as usage pro\u00adfiles and uses them for adver\u00adtis\u00ading, mar\u00adket research and\/or needs-based design of its web\u00adsite. Such an eval\u00adu\u00ada\u00adtion is car\u00adried out in par\u00adtic\u00adu\u00adlar (even for users who are not logged in) to pro\u00advide needs-based adver\u00adtis\u00ading and to inform oth\u00ader users of the social net\u00adwork about your activ\u00adi\u00adties on our web\u00adsite. You have the right to object to the cre\u00adation of these user pro\u00adfiles, where\u00adby you must con\u00adtact Google to exer\u00adcise this right. You have the option of deac\u00adti\u00advat\u00ading the Google Maps ser\u00advice in a sim\u00adple man\u00adner and thus pre\u00advent\u00ading data trans\u00adfer to Google. To do this, you must deac\u00adti\u00advate JavaScript in your brows\u00ader. How\u00adev\u00ader, we would like to point out that in this case you will not be able to use the map dis\u00adplay. Fur\u00adther infor\u00adma\u00adtion on the pur\u00adpose and scope of the data col\u00adlec\u00adtion and its pro\u00adcess\u00ading can be found in the data pro\u00adtec\u00adtion dec\u00adla\u00adra\u00adtions of the provider. There you will also find fur\u00adther infor\u00adma\u00adtion on your rights in this regard and set\u00adting options to pro\u00adtect your pri\u00adva\u00adcy:\n                      <a href=\"http:\/\/www.google.de\/intl\/de\/policies\/privacy\" style=\"font-weight: 300;\" rel=\"noopener\" target=\"_blank\" class=\"customize-unpreviewable\">http:\/\/www.google.de\/intl\/de\/policies\/privacy<\/a> . Google also process\u00ades your per\u00adson\u00adal data in the USA and has sub\u00admit\u00adted to the EU-US Pri\u00adva\u00adcy Shield,\n                      <a href=\"https:\/\/www.privacyshield.gov\/EU-US-Framework\" style=\"font-weight: 300;\" rel=\"noopener\" target=\"_blank\" class=\"customize-unpreviewable\">https:\/\/www.privacyshield.gov\/EU-US-Framework<\/a>\n                    <\/p>\n                    <h4>15.cookiebot.com<\/h4>\n                    <p>A web ser\u00advice from Cybot A\/S, Havne\u00adgade 39, 1058 Copen\u00adhagen, Den\u00admark (here\u00adinafter: cookiebot.com) is loaded on our web\u00adsite. We use this data to ensure the full func\u00adtion\u00adal\u00adi\u00adty of our web\u00adsite. In this con\u00adtext, your brows\u00ader may trans\u00admit per\u00adson\u00adal data to cookiebot.com. The legal basis for data pro\u00adcess\u00ading is Art. 6 (1) (f) GDPR. The legit\u00adi\u00admate inter\u00adest con\u00adsists in an error-free func\u00adtion of the web\u00adsite. The data will be delet\u00aded as soon as the pur\u00adpose of their col\u00adlec\u00adtion has been ful\u00adfilled. Fur\u00adther infor\u00adma\u00adtion on the han\u00addling of the trans\u00admit\u00adted data can be found in cookiebot.com\u2019s data pro\u00adtec\u00adtion dec\u00adla\u00adra\u00adtion:\n                      <a href=\"https:\/\/www.cookiebot.com\/de\/privacy-policy\" style=\"font-weight: 300;\" rel=\"noopener noreferrer\" target=\"_blank\" class=\"customize-unpreviewable\">https:\/\/www.cookiebot.com\/de\/privacy-policy\/<\/a>\n                    <\/p>\n                    <p>You can pre\u00advent cookiebot.com from col\u00adlect\u00ading and pro\u00adcess\u00ading your data by deac\u00adti\u00advat\u00ading the exe\u00adcu\u00adtion of script code in your brows\u00ader or by installing a script block\u00ader in your browser.<\/p>\n                  <\/div>\n                <\/div>\n              <\/div>\n            <\/div>\n          <\/div>\n        <\/div>\n      <\/div>\n    <\/div>\n  <\/div>\n<\/div>","protected":false},"excerpt":{"rendered":"<p>1. Name und Kontaktdaten des f\u00fcr die Verarbeitung Verantwortlichen sowie des betrieblichen Datenschutzbeauftragten Beimdick Dienstleistungs GmbH &amp; Co.&nbsp;KG Verantwortlicher gem\u00e4\u00df Artikel 4 Abs. 7 DSGVO sind die auf dieser Website gemeinsam auftretenden Firmen: Kl\u00f6pper Automation GmbH &amp; Co. KG Kl\u00f6pper Elektrotechnik GmbH &amp; Co. KG Kl\u00f6pper Maschinentechnik GmbH &amp; Co. KG H &amp; S Hard- [&hellip;]<\/p>\n","protected":false},"author":1,"featured_media":0,"parent":0,"menu_order":0,"comment_status":"closed","ping_status":"closed","template":"page-templates\/full-width-page.php","meta":{"wp_typography_post_enhancements_disabled":false,"footnotes":""},"class_list":["post-64","page","type-page","status-publish","hentry"],"_links":{"self":[{"href":"https:\/\/km.beimdick-gruppe.de\/en\/wp-json\/wp\/v2\/pages\/64","targetHints":{"allow":["GET"]}}],"collection":[{"href":"https:\/\/km.beimdick-gruppe.de\/en\/wp-json\/wp\/v2\/pages"}],"about":[{"href":"https:\/\/km.beimdick-gruppe.de\/en\/wp-json\/wp\/v2\/types\/page"}],"author":[{"embeddable":true,"href":"https:\/\/km.beimdick-gruppe.de\/en\/wp-json\/wp\/v2\/users\/1"}],"replies":[{"embeddable":true,"href":"https:\/\/km.beimdick-gruppe.de\/en\/wp-json\/wp\/v2\/comments?post=64"}],"version-history":[{"count":7,"href":"https:\/\/km.beimdick-gruppe.de\/en\/wp-json\/wp\/v2\/pages\/64\/revisions"}],"predecessor-version":[{"id":968,"href":"https:\/\/km.beimdick-gruppe.de\/en\/wp-json\/wp\/v2\/pages\/64\/revisions\/968"}],"wp:attachment":[{"href":"https:\/\/km.beimdick-gruppe.de\/en\/wp-json\/wp\/v2\/media?parent=64"}],"curies":[{"name":"wp","href":"https:\/\/api.w.org\/{rel}","templated":true}]}}