{"id":62,"date":"2020-09-11T06:28:15","date_gmt":"2020-09-11T06:28:15","guid":{"rendered":"https:\/\/maschinentechnik.kloepper.de\/?page_id=62"},"modified":"2025-11-05T11:38:57","modified_gmt":"2025-11-05T11:38:57","slug":"impressum","status":"publish","type":"page","link":"https:\/\/km.beimdick-gruppe.de\/en\/impressum","title":{"rendered":"imprint"},"content":{"rendered":"<div data-colibri-id=\"62-c1\" class=\"style-396 style-local-62-c1 position-relative\">\n  <!---->\n  <div data-colibri-component=\"section\" data-colibri-id=\"62-c2\" id=\"custom\" class=\"h-section h-section-global-spacing d-flex align-items-lg-center align-items-md-center align-items-center style-458 style-local-62-c2 position-relative\">\n    <!---->\n    <!---->\n    <div class=\"h-section-grid-container h-section-boxed-container\">\n      <!---->\n      <div data-colibri-id=\"62-c3\" class=\"h-row-container gutters-row-lg-2 gutters-row-md-2 gutters-row-0 gutters-row-v-lg-2 gutters-row-v-md-2 gutters-row-v-2 style-461 style-local-62-c3 position-relative\">\n        <!---->\n        <div class=\"h-row justify-content-lg-center justify-content-md-center justify-content-center align-items-lg-stretch align-items-md-stretch align-items-stretch gutters-col-lg-2 gutters-col-md-2 gutters-col-0 gutters-col-v-lg-2 gutters-col-v-md-2 gutters-col-v-2\">\n          <!---->\n          <div class=\"h-column h-column-container d-flex h-col-lg-auto h-col-md-auto h-col-auto style-462-outer style-local-62-c4-outer\">\n            <div data-colibri-id=\"62-c4\" class=\"d-flex h-flex-basis h-column__inner h-px-lg-2 h-px-md-2 h-px-2 v-inner-lg-2 v-inner-md-2 v-inner-2 style-462 style-local-62-c4 position-relative\">\n              <!---->\n              <!---->\n              <div class=\"w-100 h-y-container h-column__content h-column__v-align flex-basis-100 align-self-lg-start align-self-md-start align-self-start\">\n                <!---->\n                <div data-colibri-id=\"62-c5\" class=\"h-text h-text-component style-463 style-local-62-c5 position-relative h-element\">\n                  <!---->\n                  <!---->\n                  <div class>\n                    <p>\n                      <a href=\"https:\/\/www.maschinentechnik.kloepper.de\" style=\"color: rgb(1, 68, 149);\" target=\"_top\" class=\"customize-unpreviewable\" rel=\"noopener\"><strong>KL\u00d6PPER Maschi\u00adnen\u00adtech\u00adnik GmbH &amp; Co.&nbsp;KG<\/strong><\/a>\n                      <br>Nieder\u00adsach\u00adsen\u00adweg 10 \u2013 44143 Dort\u00admund\n                      <br>phone : + 49\u2013231-51 75\u20130\n                      <br>fax: + 49\u2013231-51 75\u2013195\n                      <br>mail:\n                      <a href=\"MAILTO:maschinentechnik@kloepper.de\">maschinentechnik@kloepper.de<\/a>\n                      <br>web\u00adsite:\n                      <a href=\"https:\/\/km.beimdick.gruppe.de\" class=\"customize-unpreviewable\" target=\"_blank\" rel=\"noopener\">www.km.beimdick-gruppe.de <\/a>\n                      <br>Man\u00adag\u00ading direc\u00adtor: Alfred C. Beimdick\n                      <br>Reg\u00adis\u00adter court: Dort\u00admund Dis\u00adtrict Court\n                      <br>Reg\u00adis\u00adter no. : HRA 12745\n                      <br>Tax ID num\u00adber: DE124899877<\/p>\n                    <h2>Gen\u00ader\u00adal rules of&nbsp;use<\/h2>\n                    <h4>Chap\u00adter 1. Using the content<\/h4>\n                    <p>The con\u00adtent of this web\u00adsite includ\u00ading (but not lim\u00adit\u00aded to) text, soft\u00adware, pho\u00adtographs, graph\u00adics, illus\u00adtra\u00adtions, designs, names, com\u00adpa\u00adny names, reg\u00adis\u00adtered trade\u00admarks, ser\u00advice marks and oth\u00ader mate\u00adr\u00adi\u00adal\n(\u201cMate\u00adr\u00adi\u00adal\u201d) are pro\u00adtect\u00aded by copy\u00adright and oth\u00ader laws, both in Ger\u00admany and in oth\u00ader coun\u00adtries. The mate\u00adr\u00adi\u00adal includes both the con\u00adtent that the com\u00adpa\u00adnies Kl\u00f6p\u00adper Maschi\u00adnen\u00adtech\u00adnik, Kl\u00f6p\u00adper Elek\u00adtrotech\u00adnik,\nKl\u00f6p\u00adper Automa\u00adtion and H &amp; S Hard- &amp; Soft\u00adware Tech\u00adnolo\u00adgie (\u201ccor\u00adpo\u00adrate group\u201d) own or man\u00adage, as well as the con\u00adtent that third par\u00adties own or man\u00adage on behalf of the com\u00adpa\u00adny. The group of com\u00adpa\u00adnies allows\nyou to view and down\u00adload a sin\u00adgle copy of the mate\u00adr\u00adi\u00adal on the web\u00adsite. It is strict\u00adly for\u00adbid\u00adden to sell, mod\u00adi\u00adfy, repro\u00adduce, pub\u00adlish, pub\u00adlicly dis\u00adplay the mate\u00adr\u00adi\u00adal or to use the mate\u00adr\u00adi\u00adal in any way for pri\u00advate or com\u00admer\u00adcial pur\u00adpos\u00ades with\u00adout the writ\u00adten con\u00adsent of the group of com\u00adpa\u00adnies. If you want infor\u00adma\u00adtion on how to get a per\u00admit to use that mate\u00adr\u00adi\u00adal on your web\u00adsite, con\u00adtact us at info@kloepper.de. If you vio\u00adlate any of the terms of this per\u00admit, you will auto\u00admat\u00adi\u00adcal\u00adly lose your per\u00admis\u00adsion to use the mate\u00adr\u00adi\u00adal. Then you are oblig\u00aded to destroy the mate\u00adr\u00adi\u00adal as well as all copies made of it immediately.<\/p>\n                    <h4>Chap\u00adter 2. No Warranties<\/h4>\n                    <p>The web\u00adsite and the mate\u00adr\u00adi\u00adal are pro\u00advid\u00aded \u201cas is\u201d and with\u00adout war\u00adran\u00adty of any kind, either express or implied, and the group of com\u00adpa\u00adnies here\u00adby dis\u00adclaims all war\u00adranties and con\u00addi\u00adtions as to the accu\u00adra\u00adcy, reli\u00ada\u00adbil\u00adi\u00adty, com\u00adplete\u00adness or time\u00adli\u00adness of the mate\u00adr\u00adi\u00adal, the Ser\u00advices, soft\u00adware, text, graph\u00adics and links. The group of com\u00adpa\u00adnies dis\u00adclaims all implied war\u00adranties and con\u00addi\u00adtions of mer\u00adchantabil\u00adi\u00adty, fit\u00adness for a par\u00adtic\u00adu\u00adlar pur\u00adpose and non-com\u00adpli\u00adance with pro\u00adpri\u00adetary, copy\u00adright or oth\u00ader third par\u00adty rights. The group of com\u00adpa\u00adnies does not guar\u00adan\u00adtee that the web\u00adsite will be error-free or that the web\u00adsite or its servers are free from com\u00adput\u00ader virus\u00ades or oth\u00ader harm\u00adful parts and influ\u00adences. Much of the mate\u00adr\u00adi\u00adal on this web\u00adsite is pro\u00advid\u00aded by third par\u00adties. The group of com\u00adpa\u00adnies can\u00adnot be held respon\u00adsi\u00adble for the mate\u00adr\u00adi\u00adal of such third parties.<\/p>\n                    <h4>Chap\u00adter 3. Lim\u00adi\u00adta\u00adtion of Liability<\/h4>\n                    <p>Use of the web\u00adsite is at your own risk. If you are dis\u00adsat\u00adis\u00adfied or unhap\u00adpy with any of the mate\u00adr\u00adi\u00adal on the Site or any Group Terms or oth\u00ader poli\u00adcies, you should dis\u00adcon\u00adtin\u00adue use of the Site. In no event shall the group of com\u00adpa\u00adnies be liable for any spe\u00adcial, indi\u00adrect, con\u00adse\u00adquen\u00adtial or any oth\u00ader dam\u00adages what\u00adso\u00adev\u00ader, whether in con\u00adtract of use, neg\u00adli\u00adgence or oth\u00ader tor\u00adtious action, whether aris\u00ading out of loss of use, data or prof\u00adits, and caused by or in in con\u00adnec\u00adtion with the use of infor\u00adma\u00adtion avail\u00adable on this serv\u00ader and the non-avail\u00adabil\u00adi\u00adty of this information.<\/p>\n                    <h4>Chap\u00adter 4. Copy\u00adright Infringe\u00adment and Copy\u00adright Agents<\/h4>\n                    <p>The Com\u00adpa\u00adny may, to the extent and in its sole dis\u00adcre\u00adtion, remove from the Web\u00adsite or dis\u00adable access to any mate\u00adr\u00adi\u00adal that vio\u00adlates the rights of oth\u00aders. If you believe that your mate\u00adr\u00adi\u00adal has been found on the Web in a way that con\u00adsti\u00adtutes such copy\u00adright infringe\u00adment, please noti\u00adfy the Company\u2019s Copy\u00adright Agent in writ\u00ading (e\u2011mail will suf\u00adfice) con\u00adtain\u00ading the fol\u00adlow\u00ading infor\u00adma\u00adtion: An elec\u00adtron\u00adic or phys\u00adi\u00adcal sig\u00adna\u00adture of the indi\u00advid\u00adual who is autho\u00adrized to act on behalf of the per\u00adson whose right may have been infringed. Deter\u00admin\u00ading the iden\u00adti\u00adty of the copy\u00adright\u00aded work claimed to have been infringed. A descrip\u00adtion of where this mate\u00adr\u00adi\u00adal can be found on the web. Your address, tele\u00adphone num\u00adber and e\u2011mail address. A state\u00adment by you that you have a good faith belief that the dis\u00adput\u00aded use is not autho\u00adrized by the copy\u00adright own\u00ader, its agent, or the law. A state\u00adment by you, under penal\u00adty of per\u00adjury, that the infor\u00adma\u00adtion in your notice is accu\u00adrate and that you are or are act\u00ading on your behalf as the copy\u00adright own\u00ader. The Company\u2019s copy\u00adright agent respon\u00adsi\u00adble for han\u00addling com\u00adplaints of copy\u00adright infringe\u00adment on the Site is Alfred C. Beimdick. He can be reached at the fol\u00adlow\u00ading address: Postal address: Post\u00adfach 102263, 44022 Dortmund<\/p>\n                    <h4>Chap\u00adter 5. Links to exter\u00adnal&nbsp;Sites.<\/h4>\n                    <p>The Web\u00adsite may con\u00adtain links to third par\u00adty web\u00adsites main\u00adtained by oth\u00aders. These links are pro\u00advid\u00aded for your con\u00adve\u00adnience only and do not con\u00adsti\u00adtute an endorse\u00adment by the group of com\u00adpa\u00adnies of the con\u00adtent on those sites. The Com\u00adpa\u00adny is not respon\u00adsi\u00adble for the con\u00adtent of these links and does not endorse the con\u00adtent or accu\u00adra\u00adcy of the mate\u00adr\u00adi\u00adal on the third par\u00adty web\u00adsites. If you choose to access these links to third par\u00adty web\u00adsites, you do so at your own&nbsp;risk.<\/p>\n                    <h4>Chap\u00adter 6. Indemnification<\/h4>\n                    <p>You agree to defend, indem\u00adni\u00adfy and hold harm\u00adless the Com\u00adpa\u00adny and its direc\u00adtors, offi\u00adcers, direc\u00adtors, employ\u00adees and agents from and against any and all alle\u00adga\u00adtions, suits and lia\u00adbil\u00adi\u00adties, includ\u00ading unlim\u00adit\u00aded legal and admin\u00adis\u00adtra\u00adtive costs, aris\u00ading out of result from the use of the mate\u00adr\u00adi\u00adal (includ\u00ading the soft\u00adware) or from breach of con\u00adtrac\u00adtu\u00adal agree\u00adments. The Com\u00adpa\u00adny will prompt\u00adly noti\u00adfy you of any such alle\u00adga\u00adtion, charge or pro\u00adceed\u00ading and will assist you in the defense of any such alle\u00adga\u00adtion, charge or pro\u00adceed\u00ading, for our rea\u00adson\u00adable&nbsp;fee.<\/p>\n                    <h4>Chap\u00adter 7. Export Regulations<\/h4>\n                    <p>Die Europ\u00e4is\u00adche Union \u00fcberwacht die Aus\u00adfuhr von Pro\u00adduk\u00adten und Infor\u00adma\u00adtio\u00adnen. Sie willi\u00adgen ein, dass Sie sich an die Bes\u00adtim\u00admungen hal\u00adten und kein Mate\u00adr\u00adi\u00adal (ein\u00adschlie\u00dflich Soft\u00adware) aus\u00adf\u00fchren bzw. in L\u00e4n\u00adder oder an Per\u00adso\u00adn\u00aden aus\u00adf\u00fchren,\n                      die gegen das Aus\u00adfuhrge\u00adsetz ver\u00adsto\u00dfen. Durch das Herun\u00adter\u00adladen des Mate\u00adri\u00adals inklu\u00adsive der Soft\u00adware geben Sie ihre Zus\u00adtim\u00admung, dass Sie nicht in einem dieser aus\u00adfuhrbeschr\u00e4nk\u00adten L\u00e4n\u00adder sind. Sie sind ver\u00adant\u00adwortlich f\u00fcr das Ein\u00adhal\u00adten\n                      der Geset\u00adze ihrer lokalen Recht\u00adsprechung \u00fcber Ein\u00adfuhr, Aus\u00adfuhr und Wieder\u00adaus\u00adfuhr von Produkten.<\/p>\n                    <h4>Chap\u00adter 8. General<\/h4>\n                    <p>The group of com\u00adpa\u00adnies makes no claims that the mate\u00adr\u00adi\u00adal is appro\u00adpri\u00adate for any par\u00adtic\u00adu\u00adlar need or audi\u00adence, or that it may be down\u00adloaded out\u00adside of Ger\u00admany. Access to the Mate\u00adri\u00adals (includ\u00ading the Soft\u00adware) by cer\u00adtain peo\u00adple or in cer\u00adtain coun\u00adtries may be unlaw\u00adful. If you access the web\u00adsite out\u00adside of Ger\u00admany, you are respon\u00adsi\u00adble for com\u00adpli\u00adance with the laws of your juris\u00addic\u00adtion. The com\u00adpa\u00adny is head\u00adquar\u00adtered in Dort\u00admund, Ger\u00admany. If any clause of the Agree\u00adment is found to be invalid by a court of com\u00adpe\u00adtent juris\u00addic\u00adtion, this shall not affect the valid\u00adi\u00adty of the remain\u00ading claus\u00ades of the Agree\u00adment. The agree\u00adment remains ful\u00adly valid. No waiv\u00ader of any pro\u00advi\u00adsion of the Agree\u00adment shall be deemed a fur\u00adther or con\u00adtin\u00adu\u00ading waiv\u00ader of that pro\u00advi\u00adsion or any oth\u00ader pro\u00advi\u00adsion. This Agree\u00adment con\u00adsti\u00adtutes the entire agree\u00adment between you and Com\u00adpa\u00adny with respect to your use of the Web\u00adsite, except as express\u00adly pro\u00advid\u00aded in a Legal Notice spe\u00adcif\u00adic to Soft\u00adware or Mate\u00adr\u00adi\u00adal on a Par\u00adtic\u00adu\u00adlar Web\u00adsite. Any mod\u00adi\u00adfi\u00adca\u00adtion to these agree\u00adments must be in writ\u00ading and signed by an autho\u00adrized rep\u00adre\u00adsen\u00adta\u00adtive of the group of companies.<\/p>\n                    <h4>Chap\u00adter 9. Pri\u00adva\u00adcy Policy<\/h4>\n                    <p>For this see also\n                      <a href=\"https:\/\/km.beimdick-gruppe.de\/en\/datenschutz\/\"><strong>Pri\u00adva\u00adcy Pol\u00adi\u00adcy<\/strong><\/a> We, Beimdick Dien\u00adstleis\u00adtungs GmbH &amp; Co. KG and affil\u00adi\u00adat\u00aded com\u00adpa\u00adnies, take the pro\u00adtec\u00adtion of your per\u00adson\u00adal data very seri\u00adous\u00adly and strict\u00adly adhere to the rules of data pro\u00adtec\u00adtion laws. Per\u00adson\u00adal data is only col\u00adlect\u00aded on this web\u00adsite to the extent tech\u00adni\u00adcal\u00adly nec\u00ades\u00adsary. Under no cir\u00adcum\u00adstances will the col\u00adlect\u00aded data be sold or passed on to third par\u00adties for oth\u00ader rea\u00adsons. The fol\u00adlow\u00ading state\u00adment gives you an overview of how we guar\u00adan\u00adtee this pro\u00adtec\u00adtion and what type of data is col\u00adlect\u00aded for what pur\u00adpose. Data pro\u00adcess\u00ading on this web\u00adsite The Beimdick Group auto\u00admat\u00adi\u00adcal\u00adly col\u00adlects and stores infor\u00adma\u00adtion in its serv\u00ader log files that your brows\u00ader trans\u00admits to us. These are: Brows\u00ader type\/version Oper\u00adat\u00ading sys\u00adtem used Refer\u00adrer URL (the pre\u00advi\u00adous\u00adly vis\u00adit\u00aded page) Host name of the access\u00ading com\u00adput\u00ader (IP address) Time of the serv\u00ader request\nThis data can\u00adnot be assigned to spe\u00adcif\u00adic per\u00adsons for us. A com\u00adbi\u00adna\u00adtion of this data with oth\u00ader data sources is not car\u00adried out, the data is also delet\u00aded after a sta\u00adtis\u00adti\u00adcal eval\u00adu\u00ada\u00adtion. right of pro\u00advid\u00ading infor\u00adma\u00adtion\nYou have the right to infor\u00adma\u00adtion about the data stored about you, its ori\u00adgin and recip\u00adi\u00adent, and the pur\u00adpose of stor\u00adage at any time. Infor\u00adma\u00adtion about the stored data can be obtained from the data pro\u00adtec\u00adtion offi\u00adcer mailto:datenschutz@kloepper.de.<\/p>\n                    <h4>Chap\u00adter 10. Respon\u00adsi\u00adble for the con\u00adtent accord\u00ading to \u00a7 18 Abs. 2&nbsp;MStV&nbsp;<br>\n                    <\/h4>\n                    <p>Alfred Beimdick Nieder\u00adsach\u00adsen\u00adweg 10 44143 Dortmund<\/p>\n                  <\/div>\n                <\/div>\n              <\/div>\n            <\/div>\n          <\/div>\n        <\/div>\n      <\/div>\n    <\/div>\n  <\/div>\n<\/div>","protected":false},"excerpt":{"rendered":"<p>Kl\u00f6pper Maschinentechnik GmbH &amp; Co. KG Niedersachsenweg 10 &#8211; 44143 Dortmund Tel. : + 49-231-51 75-0 Fax.: + 49-231-51 75-195 e-mail: maschinentechnik@kloepper.de Internet: www.km.beimdick-gruppe.de Gesch\u00e4ftsf\u00fchrer: Alfred C. Beimdick Registergericht: Amtsgericht Dortmund Register-Nr.: HRA 12745 USt-IdNr.: DE124899877 Allgemeine Nutzungsregeln Kapitel 1. Benutzung des Inhaltes Der Inhalt dieser Webseite, einschlie\u00dflich (aber nicht ausschlie\u00dflich beschr\u00e4nkt auf) Text, Software, [&hellip;]<\/p>\n","protected":false},"author":1,"featured_media":0,"parent":0,"menu_order":0,"comment_status":"closed","ping_status":"closed","template":"page-templates\/full-width-page.php","meta":{"wp_typography_post_enhancements_disabled":false,"footnotes":""},"class_list":["post-62","page","type-page","status-publish","hentry"],"_links":{"self":[{"href":"https:\/\/km.beimdick-gruppe.de\/en\/wp-json\/wp\/v2\/pages\/62","targetHints":{"allow":["GET"]}}],"collection":[{"href":"https:\/\/km.beimdick-gruppe.de\/en\/wp-json\/wp\/v2\/pages"}],"about":[{"href":"https:\/\/km.beimdick-gruppe.de\/en\/wp-json\/wp\/v2\/types\/page"}],"author":[{"embeddable":true,"href":"https:\/\/km.beimdick-gruppe.de\/en\/wp-json\/wp\/v2\/users\/1"}],"replies":[{"embeddable":true,"href":"https:\/\/km.beimdick-gruppe.de\/en\/wp-json\/wp\/v2\/comments?post=62"}],"version-history":[{"count":16,"href":"https:\/\/km.beimdick-gruppe.de\/en\/wp-json\/wp\/v2\/pages\/62\/revisions"}],"predecessor-version":[{"id":2917,"href":"https:\/\/km.beimdick-gruppe.de\/en\/wp-json\/wp\/v2\/pages\/62\/revisions\/2917"}],"wp:attachment":[{"href":"https:\/\/km.beimdick-gruppe.de\/en\/wp-json\/wp\/v2\/media?parent=62"}],"curies":[{"name":"wp","href":"https:\/\/api.w.org\/{rel}","templated":true}]}}